{"id":11,"date":"2020-04-07T13:59:00","date_gmt":"2020-04-07T13:59:00","guid":{"rendered":"https:\/\/the7.io\/business-advisors\/?page_id=11"},"modified":"2024-06-11T14:42:47","modified_gmt":"2024-06-11T12:42:47","slug":"novosti","status":"publish","type":"page","link":"https:\/\/www.geoinova.com\/autodesk\/novosti\/","title":{"rendered":"Novosti"},"content":{"rendered":"\t\t<div data-elementor-type=\"wp-page\" data-elementor-id=\"11\" class=\"elementor elementor-11\" data-elementor-post-type=\"page\">\n\t\t\t\t\t\t<section class=\"elementor-section elementor-top-section elementor-element elementor-element-b5c4f47 elementor-section-boxed elementor-section-height-default elementor-section-height-default\" data-id=\"b5c4f47\" data-element_type=\"section\" data-e-type=\"section\">\n\t\t\t\t\t\t<div class=\"elementor-container elementor-column-gap-wider\">\n\t\t\t\t\t<div class=\"elementor-column elementor-col-100 elementor-top-column elementor-element elementor-element-a883860\" data-id=\"a883860\" data-element_type=\"column\" data-e-type=\"column\">\n\t\t\t<div class=\"elementor-widget-wrap elementor-element-populated\">\n\t\t\t\t\t\t<div class=\"elementor-element elementor-element-28c6b9f elementor-grid-3 elementor-grid-tablet-2 elementor-grid-mobile-1 elementor-posts--thumbnail-top elementor-widget elementor-widget-posts\" data-id=\"28c6b9f\" data-element_type=\"widget\" data-e-type=\"widget\" data-settings=\"{&quot;pagination_type&quot;:&quot;numbers&quot;,&quot;classic_columns&quot;:&quot;3&quot;,&quot;classic_columns_tablet&quot;:&quot;2&quot;,&quot;classic_columns_mobile&quot;:&quot;1&quot;,&quot;classic_row_gap&quot;:{&quot;unit&quot;:&quot;px&quot;,&quot;size&quot;:35,&quot;sizes&quot;:[]},&quot;classic_row_gap_tablet&quot;:{&quot;unit&quot;:&quot;px&quot;,&quot;size&quot;:&quot;&quot;,&quot;sizes&quot;:[]},&quot;classic_row_gap_mobile&quot;:{&quot;unit&quot;:&quot;px&quot;,&quot;size&quot;:&quot;&quot;,&quot;sizes&quot;:[]}}\" data-widget_type=\"posts.classic\">\n\t\t\t\t<div class=\"elementor-widget-container\">\n\t\t\t\t\t\t\t<div class=\"elementor-posts-container elementor-posts elementor-posts--skin-classic elementor-grid\">\n\t\t\t\t<article class=\"elementor-post elementor-grid-item post-9082 post type-post status-publish format-standard has-post-thumbnail hentry category-industry-news category-teamcad tag-autocad tag-autodesk tag-autodesk-autocad tag-autodesk-autocad-licenca tag-autodesk-bih tag-autodesk-bih-licenca tag-autodesk-bim tag-autodesk-licenca tag-bim tag-bim-360 tag-cad tag-revit tag-revit-2023 tag-revit-2024 category-4 category-25 description-off\">\n\t\t\t\t<a class=\"elementor-post__thumbnail__link\" href=\"https:\/\/www.geoinova.com\/autodesk\/gasenje-autodesk-bim-360-team-platforme-je-30-9\/\" tabindex=\"-1\" >\n\t\t\t<div class=\"elementor-post__thumbnail\"><img fetchpriority=\"high\" decoding=\"async\" width=\"300\" height=\"169\" src=\"https:\/\/www.geoinova.com\/autodesk\/wp-content\/uploads\/2024\/07\/Gasenje-Autodesk-BIM-360-Team-platforme-je-30.9.-1980-x-1080-px-1-300x169.png\" class=\"attachment-medium size-medium wp-image-9084\" alt=\"\" srcset=\"https:\/\/www.geoinova.com\/autodesk\/wp-content\/uploads\/2024\/07\/Gasenje-Autodesk-BIM-360-Team-platforme-je-30.9.-1980-x-1080-px-1-300x169.png 300w, https:\/\/www.geoinova.com\/autodesk\/wp-content\/uploads\/2024\/07\/Gasenje-Autodesk-BIM-360-Team-platforme-je-30.9.-1980-x-1080-px-1-1024x576.png 1024w, https:\/\/www.geoinova.com\/autodesk\/wp-content\/uploads\/2024\/07\/Gasenje-Autodesk-BIM-360-Team-platforme-je-30.9.-1980-x-1080-px-1-768x432.png 768w, https:\/\/www.geoinova.com\/autodesk\/wp-content\/uploads\/2024\/07\/Gasenje-Autodesk-BIM-360-Team-platforme-je-30.9.-1980-x-1080-px-1-1536x864.png 1536w, https:\/\/www.geoinova.com\/autodesk\/wp-content\/uploads\/2024\/07\/Gasenje-Autodesk-BIM-360-Team-platforme-je-30.9.-1980-x-1080-px-1.png 1920w\" sizes=\"(max-width: 300px) 100vw, 300px\" \/><\/div>\n\t\t<\/a>\n\t\t\t\t<div class=\"elementor-post__text\">\n\t\t\t\t<h3 class=\"elementor-post__title\">\n\t\t\t<a href=\"https:\/\/www.geoinova.com\/autodesk\/gasenje-autodesk-bim-360-team-platforme-je-30-9\/\" >\n\t\t\t\tGa\u0161enje Autodesk BIM 360 Team platforme je 30.9.\t\t\t<\/a>\n\t\t<\/h3>\n\t\t\t\t<div class=\"elementor-post__meta-data\">\n\t\t\t\t\t<span class=\"elementor-post-date\">\n\t\t\tJuly 2, 2024\t\t<\/span>\n\t\t\t\t<\/div>\n\t\t\t\t<div class=\"elementor-post__excerpt\">\n\t\t\t<p>Ga\u0161enje BIM 360 Team-a<\/p>\n\t\t<\/div>\n\t\t\n\t\t<a class=\"elementor-post__read-more\" href=\"https:\/\/www.geoinova.com\/autodesk\/gasenje-autodesk-bim-360-team-platforme-je-30-9\/\" aria-label=\"Read more about Ga\u0161enje Autodesk BIM 360 Team platforme je 30.9.\" tabindex=\"-1\" >\n\t\t\tPro\u010ditaj vi\u0161e \u00bb\t\t<\/a>\n\n\t\t\t\t<\/div>\n\t\t\t\t<\/article>\n\t\t\t\t<article class=\"elementor-post elementor-grid-item post-9072 post type-post status-publish format-standard has-post-thumbnail hentry category-teamcad tag-autocad tag-autodesk tag-autodesk-autocad tag-autodesk-autocad-licenca tag-autodesk-bih tag-autodesk-bih-licenca tag-autodesk-bim tag-autodesk-licenca tag-bim tag-revit category-25 description-off\">\n\t\t\t\t<a class=\"elementor-post__thumbnail__link\" href=\"https:\/\/www.geoinova.com\/autodesk\/plan-realizacije-bim-modela\/\" tabindex=\"-1\" >\n\t\t\t<div class=\"elementor-post__thumbnail\"><img decoding=\"async\" width=\"300\" height=\"164\" src=\"https:\/\/www.geoinova.com\/autodesk\/wp-content\/uploads\/2024\/06\/Sajt-Post-300x164.jpg\" class=\"attachment-medium size-medium wp-image-9073\" alt=\"\" srcset=\"https:\/\/www.geoinova.com\/autodesk\/wp-content\/uploads\/2024\/06\/Sajt-Post-300x164.jpg 300w, https:\/\/www.geoinova.com\/autodesk\/wp-content\/uploads\/2024\/06\/Sajt-Post-1024x558.jpg 1024w, https:\/\/www.geoinova.com\/autodesk\/wp-content\/uploads\/2024\/06\/Sajt-Post-768x419.jpg 768w, https:\/\/www.geoinova.com\/autodesk\/wp-content\/uploads\/2024\/06\/Sajt-Post-1536x837.jpg 1536w, https:\/\/www.geoinova.com\/autodesk\/wp-content\/uploads\/2024\/06\/Sajt-Post.jpg 1600w\" sizes=\"(max-width: 300px) 100vw, 300px\" \/><\/div>\n\t\t<\/a>\n\t\t\t\t<div class=\"elementor-post__text\">\n\t\t\t\t<h3 class=\"elementor-post__title\">\n\t\t\t<a href=\"https:\/\/www.geoinova.com\/autodesk\/plan-realizacije-bim-modela\/\" >\n\t\t\t\tPlan realizacije BIM modela\t\t\t<\/a>\n\t\t<\/h3>\n\t\t\t\t<div class=\"elementor-post__meta-data\">\n\t\t\t\t\t<span class=\"elementor-post-date\">\n\t\t\tJune 26, 2024\t\t<\/span>\n\t\t\t\t<\/div>\n\t\t\t\t<div class=\"elementor-post__excerpt\">\n\t\t\t<p>Plan realizacije BIM modela<\/p>\n\t\t<\/div>\n\t\t\n\t\t<a class=\"elementor-post__read-more\" href=\"https:\/\/www.geoinova.com\/autodesk\/plan-realizacije-bim-modela\/\" aria-label=\"Read more about Plan realizacije BIM modela\" tabindex=\"-1\" >\n\t\t\tPro\u010ditaj vi\u0161e \u00bb\t\t<\/a>\n\n\t\t\t\t<\/div>\n\t\t\t\t<\/article>\n\t\t\t\t<article class=\"elementor-post elementor-grid-item post-9062 post type-post status-publish format-standard has-post-thumbnail hentry category-teamcad tag-ai tag-artificial-intelligence tag-autocad tag-autodesk tag-autodesk-autocad tag-autodesk-autocad-licenca tag-autodesk-bih tag-autodesk-bih-licenca tag-autodesk-bim tag-autodesk-licenca category-25 description-off\">\n\t\t\t\t<a class=\"elementor-post__thumbnail__link\" href=\"https:\/\/www.geoinova.com\/autodesk\/uticaj-ai-a-na-elektro-industriju\/\" tabindex=\"-1\" >\n\t\t\t<div class=\"elementor-post__thumbnail\"><img decoding=\"async\" width=\"300\" height=\"164\" src=\"https:\/\/www.geoinova.com\/autodesk\/wp-content\/uploads\/2024\/06\/WhatsApp-slika-2024-06-20-u-11.13.52_1510f411-300x164.jpg\" class=\"attachment-medium size-medium wp-image-9068\" alt=\"\" srcset=\"https:\/\/www.geoinova.com\/autodesk\/wp-content\/uploads\/2024\/06\/WhatsApp-slika-2024-06-20-u-11.13.52_1510f411-300x164.jpg 300w, https:\/\/www.geoinova.com\/autodesk\/wp-content\/uploads\/2024\/06\/WhatsApp-slika-2024-06-20-u-11.13.52_1510f411-1024x558.jpg 1024w, https:\/\/www.geoinova.com\/autodesk\/wp-content\/uploads\/2024\/06\/WhatsApp-slika-2024-06-20-u-11.13.52_1510f411-768x419.jpg 768w, https:\/\/www.geoinova.com\/autodesk\/wp-content\/uploads\/2024\/06\/WhatsApp-slika-2024-06-20-u-11.13.52_1510f411-1536x837.jpg 1536w, https:\/\/www.geoinova.com\/autodesk\/wp-content\/uploads\/2024\/06\/WhatsApp-slika-2024-06-20-u-11.13.52_1510f411.jpg 1600w\" sizes=\"(max-width: 300px) 100vw, 300px\" \/><\/div>\n\t\t<\/a>\n\t\t\t\t<div class=\"elementor-post__text\">\n\t\t\t\t<h3 class=\"elementor-post__title\">\n\t\t\t<a href=\"https:\/\/www.geoinova.com\/autodesk\/uticaj-ai-a-na-elektro-industriju\/\" >\n\t\t\t\tUticaj AI-a na elektro industriju\t\t\t<\/a>\n\t\t<\/h3>\n\t\t\t\t<div class=\"elementor-post__meta-data\">\n\t\t\t\t\t<span class=\"elementor-post-date\">\n\t\t\tJune 20, 2024\t\t<\/span>\n\t\t\t\t<\/div>\n\t\t\t\t<div class=\"elementor-post__excerpt\">\n\t\t\t<p>Vje\u0161ta\u010dka inteligencija i elektro industrija<\/p>\n\t\t<\/div>\n\t\t\n\t\t<a class=\"elementor-post__read-more\" href=\"https:\/\/www.geoinova.com\/autodesk\/uticaj-ai-a-na-elektro-industriju\/\" aria-label=\"Read more about Uticaj AI-a na elektro industriju\" tabindex=\"-1\" >\n\t\t\tPro\u010ditaj vi\u0161e \u00bb\t\t<\/a>\n\n\t\t\t\t<\/div>\n\t\t\t\t<\/article>\n\t\t\t\t<article class=\"elementor-post elementor-grid-item post-9046 post type-post status-publish format-standard has-post-thumbnail hentry category-teamcad tag-autocad tag-autodesk tag-autodesk-autocad tag-autodesk-autocad-licenca tag-autodesk-bih tag-autodesk-bih-licenca tag-autodesk-bim tag-autodesk-licenca tag-bim tag-cad tag-fusion tag-fusion-360 category-25 description-off\">\n\t\t\t\t<a class=\"elementor-post__thumbnail__link\" href=\"https:\/\/www.geoinova.com\/autodesk\/razumjevanje-digitalne-transformacije-u-modernoj-proizvodnji\/\" tabindex=\"-1\" >\n\t\t\t<div class=\"elementor-post__thumbnail\"><img loading=\"lazy\" decoding=\"async\" width=\"300\" height=\"169\" src=\"https:\/\/www.geoinova.com\/autodesk\/wp-content\/uploads\/2024\/06\/Razumijevanje-digitalne-transformacije-u-modernoj-proizvodnji-1980-x-1080-px-300x169.png\" class=\"attachment-medium size-medium wp-image-9047\" alt=\"\" srcset=\"https:\/\/www.geoinova.com\/autodesk\/wp-content\/uploads\/2024\/06\/Razumijevanje-digitalne-transformacije-u-modernoj-proizvodnji-1980-x-1080-px-300x169.png 300w, https:\/\/www.geoinova.com\/autodesk\/wp-content\/uploads\/2024\/06\/Razumijevanje-digitalne-transformacije-u-modernoj-proizvodnji-1980-x-1080-px-1024x576.png 1024w, https:\/\/www.geoinova.com\/autodesk\/wp-content\/uploads\/2024\/06\/Razumijevanje-digitalne-transformacije-u-modernoj-proizvodnji-1980-x-1080-px-768x432.png 768w, https:\/\/www.geoinova.com\/autodesk\/wp-content\/uploads\/2024\/06\/Razumijevanje-digitalne-transformacije-u-modernoj-proizvodnji-1980-x-1080-px-1536x864.png 1536w, https:\/\/www.geoinova.com\/autodesk\/wp-content\/uploads\/2024\/06\/Razumijevanje-digitalne-transformacije-u-modernoj-proizvodnji-1980-x-1080-px.png 1920w\" sizes=\"(max-width: 300px) 100vw, 300px\" \/><\/div>\n\t\t<\/a>\n\t\t\t\t<div class=\"elementor-post__text\">\n\t\t\t\t<h3 class=\"elementor-post__title\">\n\t\t\t<a href=\"https:\/\/www.geoinova.com\/autodesk\/razumjevanje-digitalne-transformacije-u-modernoj-proizvodnji\/\" >\n\t\t\t\tRazumjevanje digitalne transformacije u modernoj proizvodnji\t\t\t<\/a>\n\t\t<\/h3>\n\t\t\t\t<div class=\"elementor-post__meta-data\">\n\t\t\t\t\t<span class=\"elementor-post-date\">\n\t\t\tJune 13, 2024\t\t<\/span>\n\t\t\t\t<\/div>\n\t\t\t\t<div class=\"elementor-post__excerpt\">\n\t\t\t<p>Autodesk Fusion u modernoj proizvodnji<\/p>\n\t\t<\/div>\n\t\t\n\t\t<a class=\"elementor-post__read-more\" href=\"https:\/\/www.geoinova.com\/autodesk\/razumjevanje-digitalne-transformacije-u-modernoj-proizvodnji\/\" aria-label=\"Read more about Razumjevanje digitalne transformacije u modernoj proizvodnji\" tabindex=\"-1\" >\n\t\t\tPro\u010ditaj vi\u0161e \u00bb\t\t<\/a>\n\n\t\t\t\t<\/div>\n\t\t\t\t<\/article>\n\t\t\t\t<article class=\"elementor-post elementor-grid-item post-9033 post type-post status-publish format-standard has-post-thumbnail hentry category-industry-news tag-ai tag-autocad tag-autodesk tag-autodesk-autocad tag-autodesk-autocad-licenca tag-autodesk-bih tag-autodesk-bih-licenca tag-autodesk-bim tag-autodesk-licenca tag-fusion tag-fusion-360 category-4 description-off\">\n\t\t\t\t<a class=\"elementor-post__thumbnail__link\" href=\"https:\/\/www.geoinova.com\/autodesk\/kako-ai-poboljsava-kvalitetu-proizvoda-u-proizvodnji\/\" tabindex=\"-1\" >\n\t\t\t<div class=\"elementor-post__thumbnail\"><img loading=\"lazy\" decoding=\"async\" width=\"300\" height=\"169\" src=\"https:\/\/www.geoinova.com\/autodesk\/wp-content\/uploads\/2024\/06\/siteAIFusion-01-300x169.png\" class=\"attachment-medium size-medium wp-image-9034\" alt=\"\" srcset=\"https:\/\/www.geoinova.com\/autodesk\/wp-content\/uploads\/2024\/06\/siteAIFusion-01-300x169.png 300w, https:\/\/www.geoinova.com\/autodesk\/wp-content\/uploads\/2024\/06\/siteAIFusion-01-1024x576.png 1024w, https:\/\/www.geoinova.com\/autodesk\/wp-content\/uploads\/2024\/06\/siteAIFusion-01-768x432.png 768w, https:\/\/www.geoinova.com\/autodesk\/wp-content\/uploads\/2024\/06\/siteAIFusion-01-1536x864.png 1536w, https:\/\/www.geoinova.com\/autodesk\/wp-content\/uploads\/2024\/06\/siteAIFusion-01-2048x1152.png 2048w\" sizes=\"(max-width: 300px) 100vw, 300px\" \/><\/div>\n\t\t<\/a>\n\t\t\t\t<div class=\"elementor-post__text\">\n\t\t\t\t<h3 class=\"elementor-post__title\">\n\t\t\t<a href=\"https:\/\/www.geoinova.com\/autodesk\/kako-ai-poboljsava-kvalitetu-proizvoda-u-proizvodnji\/\" >\n\t\t\t\tKako AI pobolj\u0161ava kvalitetu proizvoda u proizvodnji\t\t\t<\/a>\n\t\t<\/h3>\n\t\t\t\t<div class=\"elementor-post__meta-data\">\n\t\t\t\t\t<span class=\"elementor-post-date\">\n\t\t\tJune 12, 2024\t\t<\/span>\n\t\t\t\t<\/div>\n\t\t\t\t<div class=\"elementor-post__excerpt\">\n\t\t\t<p>Autodesk Fusion i vje\u0161ta\u010dka inteligencija<\/p>\n\t\t<\/div>\n\t\t\n\t\t<a class=\"elementor-post__read-more\" href=\"https:\/\/www.geoinova.com\/autodesk\/kako-ai-poboljsava-kvalitetu-proizvoda-u-proizvodnji\/\" aria-label=\"Read more about Kako AI pobolj\u0161ava kvalitetu proizvoda u proizvodnji\" tabindex=\"-1\" >\n\t\t\tPro\u010ditaj vi\u0161e \u00bb\t\t<\/a>\n\n\t\t\t\t<\/div>\n\t\t\t\t<\/article>\n\t\t\t\t<article class=\"elementor-post elementor-grid-item post-9002 post type-post status-publish format-standard has-post-thumbnail hentry category-industry-news category-teamcad tag-3d tag-3dsmax tag-ai tag-artificial-intelligence tag-autocad tag-autodesk tag-autodesk-autocad tag-autodesk-autocad-licenca tag-autodesk-bih tag-autodesk-bih-3dsmax tag-autodesk-bih-inventor tag-autodesk-bih-licenca tag-autodesk-bim tag-autodesk-licenca category-4 category-25 description-off\">\n\t\t\t\t<a class=\"elementor-post__thumbnail__link\" href=\"https:\/\/www.geoinova.com\/autodesk\/kako-generativna-vjestacka-inteligencija-ai-za-arhitekturu-transformise-projektovanje\/\" tabindex=\"-1\" >\n\t\t\t<div class=\"elementor-post__thumbnail\"><img loading=\"lazy\" decoding=\"async\" width=\"300\" height=\"164\" src=\"https:\/\/www.geoinova.com\/autodesk\/wp-content\/uploads\/2024\/05\/AI-site-300x164.jpg\" class=\"attachment-medium size-medium wp-image-9008\" alt=\"\" srcset=\"https:\/\/www.geoinova.com\/autodesk\/wp-content\/uploads\/2024\/05\/AI-site-300x164.jpg 300w, https:\/\/www.geoinova.com\/autodesk\/wp-content\/uploads\/2024\/05\/AI-site-1024x558.jpg 1024w, https:\/\/www.geoinova.com\/autodesk\/wp-content\/uploads\/2024\/05\/AI-site-768x419.jpg 768w, https:\/\/www.geoinova.com\/autodesk\/wp-content\/uploads\/2024\/05\/AI-site-1536x837.jpg 1536w, https:\/\/www.geoinova.com\/autodesk\/wp-content\/uploads\/2024\/05\/AI-site.jpg 1600w\" sizes=\"(max-width: 300px) 100vw, 300px\" \/><\/div>\n\t\t<\/a>\n\t\t\t\t<div class=\"elementor-post__text\">\n\t\t\t\t<h3 class=\"elementor-post__title\">\n\t\t\t<a href=\"https:\/\/www.geoinova.com\/autodesk\/kako-generativna-vjestacka-inteligencija-ai-za-arhitekturu-transformise-projektovanje\/\" >\n\t\t\t\tKako generativna vje\u0161ta\u010dka inteligencija (AI) za arhitekturu transformi\u0161e projektovanje\t\t\t<\/a>\n\t\t<\/h3>\n\t\t\t\t<div class=\"elementor-post__meta-data\">\n\t\t\t\t\t<span class=\"elementor-post-date\">\n\t\t\tMay 24, 2024\t\t<\/span>\n\t\t\t\t<\/div>\n\t\t\t\t<div class=\"elementor-post__excerpt\">\n\t\t\t<p>AI za projektovanje u arhitekturi<\/p>\n\t\t<\/div>\n\t\t\n\t\t<a class=\"elementor-post__read-more\" href=\"https:\/\/www.geoinova.com\/autodesk\/kako-generativna-vjestacka-inteligencija-ai-za-arhitekturu-transformise-projektovanje\/\" aria-label=\"Read more about Kako generativna vje\u0161ta\u010dka inteligencija (AI) za arhitekturu transformi\u0161e projektovanje\" tabindex=\"-1\" >\n\t\t\tPro\u010ditaj vi\u0161e \u00bb\t\t<\/a>\n\n\t\t\t\t<\/div>\n\t\t\t\t<\/article>\n\t\t\t\t<\/div>\n\t\t\n\t\t\t\t<div class=\"e-load-more-anchor\" data-page=\"1\" data-max-page=\"49\" data-next-page=\"https:\/\/www.geoinova.com\/autodesk\/wp-json\/wp\/v2\/pages\/11\/page\/2\/\"><\/div>\n\t\t\t\t<nav class=\"elementor-pagination\" aria-label=\"Pagination\">\n\t\t\t<span aria-current=\"page\" class=\"page-numbers current\"><span class=\"elementor-screen-only\">Page<\/span>1<\/span>\n<a class=\"page-numbers\" href=\"https:\/\/www.geoinova.com\/autodesk\/wp-json\/wp\/v2\/pages\/11\/page\/2\/\"><span class=\"elementor-screen-only\">Page<\/span>2<\/a>\n<a class=\"page-numbers\" href=\"https:\/\/www.geoinova.com\/autodesk\/wp-json\/wp\/v2\/pages\/11\/page\/3\/\"><span class=\"elementor-screen-only\">Page<\/span>3<\/a>\n<a class=\"page-numbers\" href=\"https:\/\/www.geoinova.com\/autodesk\/wp-json\/wp\/v2\/pages\/11\/page\/4\/\"><span class=\"elementor-screen-only\">Page<\/span>4<\/a>\n<a class=\"page-numbers\" href=\"https:\/\/www.geoinova.com\/autodesk\/wp-json\/wp\/v2\/pages\/11\/page\/5\/\"><span class=\"elementor-screen-only\">Page<\/span>5<\/a>\t\t<\/nav>\n\t\t\t\t\t\t<\/div>\n\t\t\t\t<\/div>\n\t\t\t\t\t<\/div>\n\t\t<\/div>\n\t\t\t\t\t<\/div>\n\t\t<\/section>\n\t\t\t\t<\/div>\n\t\t","protected":false},"excerpt":{"rendered":"<p>Arhitekte i dizajneri su prihvatili AI (vje\u0161ta\u010dka inteligencija) programe za pretvaranje teksta u sliku kao \u0161to su Midjournei, DALL-E i Stable Diffusion da bi ubrzali kreiranje fotorealisti\u010dnih koncepata dizajna putem tekstualnih komandi i postojec\u0301ih slika. Ovi alati generi\u0161u 2D prikaze, omoguc\u0301avajuc\u0301i arhitektama da brzo preciziraju projekat radi dobijanja odobrenja od klijenta ili eksperimentisanja sa razli\u010ditim&hellip;<\/p>\n","protected":false},"author":3,"featured_media":0,"parent":0,"menu_order":80,"comment_status":"closed","ping_status":"closed","template":"elementor_header_footer","meta":{"_monsterinsights_skip_tracking":false,"_monsterinsights_sitenote_active":false,"_monsterinsights_sitenote_note":"","_monsterinsights_sitenote_category":0},"class_list":["post-11","page","type-page","status-publish","hentry","category-4","category-25","description-off"],"aioseo_notices":[],"_links":{"self":[{"href":"https:\/\/www.geoinova.com\/autodesk\/wp-json\/wp\/v2\/pages\/11","targetHints":{"allow":["GET"]}}],"collection":[{"href":"https:\/\/www.geoinova.com\/autodesk\/wp-json\/wp\/v2\/pages"}],"about":[{"href":"https:\/\/www.geoinova.com\/autodesk\/wp-json\/wp\/v2\/types\/page"}],"author":[{"embeddable":true,"href":"https:\/\/www.geoinova.com\/autodesk\/wp-json\/wp\/v2\/users\/3"}],"replies":[{"embeddable":true,"href":"https:\/\/www.geoinova.com\/autodesk\/wp-json\/wp\/v2\/comments?post=11"}],"version-history":[{"count":10,"href":"https:\/\/www.geoinova.com\/autodesk\/wp-json\/wp\/v2\/pages\/11\/revisions"}],"predecessor-version":[{"id":9028,"href":"https:\/\/www.geoinova.com\/autodesk\/wp-json\/wp\/v2\/pages\/11\/revisions\/9028"}],"wp:attachment":[{"href":"https:\/\/www.geoinova.com\/autodesk\/wp-json\/wp\/v2\/media?parent=11"}],"curies":[{"name":"wp","href":"https:\/\/api.w.org\/{rel}","templated":true}]}}