{"id":3264,"date":"2021-04-19T19:48:12","date_gmt":"2021-04-19T19:48:12","guid":{"rendered":"https:\/\/www.geoinova.com\/autodesk\/?page_id=3264"},"modified":"2023-12-01T14:52:46","modified_gmt":"2023-12-01T12:52:46","slug":"3ds-max","status":"publish","type":"page","link":"https:\/\/www.geoinova.com\/autodesk\/3ds-max\/","title":{"rendered":"3DS Max<sup>\u00ae<\/sup> 2024"},"content":{"rendered":"\t\t<div data-elementor-type=\"wp-page\" data-elementor-id=\"3264\" class=\"elementor elementor-3264\" data-elementor-post-type=\"page\">\n\t\t\t\t\t\t<section class=\"elementor-section elementor-top-section elementor-element elementor-element-5e5052a elementor-section-boxed elementor-section-height-default elementor-section-height-default\" data-id=\"5e5052a\" data-element_type=\"section\" data-e-type=\"section\">\n\t\t\t\t\t\t<div class=\"elementor-container elementor-column-gap-default\">\n\t\t\t\t\t<div class=\"elementor-column elementor-col-50 elementor-top-column elementor-element elementor-element-5b0a01a\" data-id=\"5b0a01a\" data-element_type=\"column\" data-e-type=\"column\">\n\t\t\t<div class=\"elementor-widget-wrap elementor-element-populated\">\n\t\t\t\t\t\t<div class=\"elementor-element elementor-element-afbcdf5 elementor-align-left elementor-mobile-align-center elementor-widget elementor-widget-button\" data-id=\"afbcdf5\" data-element_type=\"widget\" data-e-type=\"widget\" data-widget_type=\"button.default\">\n\t\t\t\t<div class=\"elementor-widget-container\">\n\t\t\t\t\t\t\t\t\t<div class=\"elementor-button-wrapper\">\n\t\t\t\t\t<a class=\"elementor-button elementor-button-link elementor-size-md\" href=\"#elementor-action%3Aaction%3Dpopup%3Aopen%26settings%3DeyJpZCI6IjgxMzQiLCJ0b2dnbGUiOmZhbHNlfQ%3D%3D\" target=\"_blank\">\n\t\t\t\t\t\t<span class=\"elementor-button-content-wrapper\">\n\t\t\t\t\t\t\t\t\t<span class=\"elementor-button-text\">Probna verzija<\/span>\n\t\t\t\t\t<\/span>\n\t\t\t\t\t<\/a>\n\t\t\t\t<\/div>\n\t\t\t\t\t\t\t\t<\/div>\n\t\t\t\t<\/div>\n\t\t\t\t\t<\/div>\n\t\t<\/div>\n\t\t\t\t<div class=\"elementor-column elementor-col-50 elementor-top-column elementor-element elementor-element-61eb212\" data-id=\"61eb212\" data-element_type=\"column\" data-e-type=\"column\">\n\t\t\t<div class=\"elementor-widget-wrap elementor-element-populated\">\n\t\t\t\t\t\t<div class=\"elementor-element elementor-element-4028a51 elementor-align-right elementor-mobile-align-center elementor-widget elementor-widget-button\" data-id=\"4028a51\" data-element_type=\"widget\" data-e-type=\"widget\" data-widget_type=\"button.default\">\n\t\t\t\t<div class=\"elementor-widget-container\">\n\t\t\t\t\t\t\t\t\t<div class=\"elementor-button-wrapper\">\n\t\t\t\t\t<a class=\"elementor-button elementor-button-link elementor-size-md\" href=\"#elementor-action%3Aaction%3Dpopup%3Aopen%26settings%3DeyJpZCI6Ijc4NDkiLCJ0b2dnbGUiOmZhbHNlfQ%3D%3D\">\n\t\t\t\t\t\t<span class=\"elementor-button-content-wrapper\">\n\t\t\t\t\t\t\t\t\t<span class=\"elementor-button-text\">Po\u0161alji upit<\/span>\n\t\t\t\t\t<\/span>\n\t\t\t\t\t<\/a>\n\t\t\t\t<\/div>\n\t\t\t\t\t\t\t\t<\/div>\n\t\t\t\t<\/div>\n\t\t\t\t\t<\/div>\n\t\t<\/div>\n\t\t\t\t\t<\/div>\n\t\t<\/section>\n\t\t\t\t<section class=\"elementor-section elementor-top-section elementor-element elementor-element-3310988 elementor-section-boxed elementor-section-height-default elementor-section-height-default\" data-id=\"3310988\" data-element_type=\"section\" data-e-type=\"section\">\n\t\t\t\t\t\t<div class=\"elementor-container elementor-column-gap-default\">\n\t\t\t\t\t<div class=\"elementor-column elementor-col-100 elementor-top-column elementor-element elementor-element-0e6f147\" data-id=\"0e6f147\" data-element_type=\"column\" data-e-type=\"column\">\n\t\t\t<div class=\"elementor-widget-wrap elementor-element-populated\">\n\t\t\t\t\t\t<div class=\"elementor-element elementor-element-2e98683 elementor-widget elementor-widget-text-editor\" data-id=\"2e98683\" data-element_type=\"widget\" data-e-type=\"widget\" data-widget_type=\"text-editor.default\">\n\t\t\t\t<div class=\"elementor-widget-container\">\n\t\t\t\t\t\t\t\t\t<p class=\"p1\"><b><i>Autodesk 3ds Max<\/i><\/b><i> <\/i>je kompjuterski grafi\u010dki program namenjen za pravljenje 3D modela, animacija, digitalnih slika, specijalnih efekata i kreiranje grafike za video-igre. 3ds Max koristi se za modelovanje likova i animaciju, kao i za prikazivanje fotorealisti\u010dnih slika zgrada i drugih objekata. Softver mo\u017ee da obra\u0111uje nekoliko faza animacije, uklju\u010duju\u0107i predvizuelizaciju, izgled, kamere, modelovanje, teksturisanje, name\u0161tanje, animaciju, VFS, osvetljenje i prikazivanje. Jedan je od najpopularnijih programa u industriji ra\u010dunarske grafike, poznat po tome \u0161to sadr\u017ei veliki broj modifikatora koji znantno olak\u0161avaju izradu modela za 3D umetnike i tako predstavlja omiljen program me\u0111u programerima igara, TV komercijalnim studijama i arhitektama.<\/p><p class=\"p3\"><b><i>Osnovne karakteristike<\/i><\/b><i> <\/i>programa 3ds Max<i>:<\/i><\/p><ul class=\"ul1\"><li class=\"li4\"><i><\/i>realisti\u010dna 3D animacija imaginarnih karaktera i realisti\u010dnih scena u video-igrama i arhitekturi;<\/li><li class=\"li4\"><i><\/i>jednostavno kreiranje, oblikovanje i definisanje okru\u017eenja i detalja;<\/li><li class=\"li4\"><i><\/i>pravljenje sofisticiranih efekata kao \u0161to su voda, vatra, prskanje, sneg i sl.;<\/li><li class=\"li4\"><i><\/i>primena do \u0161est razli\u010ditih materijala u objektu;<\/li><li class=\"li4\"><i><\/i>pristup 3D sadr\u017eajima na ra\u010dunaru ili na internetu;<\/li><li class=\"li4\"><i><\/i>rad sa ve\u0107inom rendera kao \u0161to su Arnold, V-Ray, Iray i Mental Ray kako bi efekat stvaranja verodostojnih scena bio \u0161to ve\u0107i;<\/li><li class=\"li4\"><i><\/i>kompatibilnost sa drugim Autodesk programima kao \u0161to su Revit, Civil 3D, Arnold, Inventor.<\/li><\/ul>\t\t\t\t\t\t\t\t<\/div>\n\t\t\t\t<\/div>\n\t\t\t\t<div class=\"elementor-element elementor-element-4ff6da4 elementor-widget elementor-widget-video\" data-id=\"4ff6da4\" data-element_type=\"widget\" data-e-type=\"widget\" data-settings=\"{&quot;video_type&quot;:&quot;hosted&quot;,&quot;controls&quot;:&quot;yes&quot;}\" data-widget_type=\"video.default\">\n\t\t\t\t<div class=\"elementor-widget-container\">\n\t\t\t\t\t\t\t<div class=\"e-hosted-video elementor-wrapper elementor-open-inline\">\n\t\t\t\t\t<video class=\"elementor-video\" src=\"https:\/\/www.geoinova.com\/autodesk\/wp-content\/uploads\/2021\/04\/08-3d-max-model-your-vision-last-detail-01-video-1920x1080-v1.mp4\" controls=\"\" preload=\"metadata\" controlsList=\"nodownload\"><\/video>\n\t\t\t\t<\/div>\n\t\t\t\t\t\t<\/div>\n\t\t\t\t<\/div>\n\t\t\t\t\t<\/div>\n\t\t<\/div>\n\t\t\t\t\t<\/div>\n\t\t<\/section>\n\t\t\t\t<\/div>\n\t\t","protected":false},"excerpt":{"rendered":"<p>Probna verzija Po\u0161alji upit Autodesk 3ds Max je kompjuterski grafi\u010dki program namenjen za pravljenje 3D modela, animacija, digitalnih slika, specijalnih efekata i kreiranje grafike za video-igre. 3ds Max koristi se za modelovanje likova i animaciju, kao i za prikazivanje fotorealisti\u010dnih slika zgrada i drugih objekata. Softver mo\u017ee da obra\u0111uje nekoliko faza animacije, uklju\u010duju\u0107i predvizuelizaciju, izgled,&hellip;<\/p>\n","protected":false},"author":3,"featured_media":3040,"parent":0,"menu_order":0,"comment_status":"closed","ping_status":"closed","template":"","meta":{"_monsterinsights_skip_tracking":false,"_monsterinsights_sitenote_active":false,"_monsterinsights_sitenote_note":"","_monsterinsights_sitenote_category":0},"class_list":["post-3264","page","type-page","status-publish","has-post-thumbnail","hentry","description-off"],"aioseo_notices":[],"_links":{"self":[{"href":"https:\/\/www.geoinova.com\/autodesk\/wp-json\/wp\/v2\/pages\/3264","targetHints":{"allow":["GET"]}}],"collection":[{"href":"https:\/\/www.geoinova.com\/autodesk\/wp-json\/wp\/v2\/pages"}],"about":[{"href":"https:\/\/www.geoinova.com\/autodesk\/wp-json\/wp\/v2\/types\/page"}],"author":[{"embeddable":true,"href":"https:\/\/www.geoinova.com\/autodesk\/wp-json\/wp\/v2\/users\/3"}],"replies":[{"embeddable":true,"href":"https:\/\/www.geoinova.com\/autodesk\/wp-json\/wp\/v2\/comments?post=3264"}],"version-history":[{"count":10,"href":"https:\/\/www.geoinova.com\/autodesk\/wp-json\/wp\/v2\/pages\/3264\/revisions"}],"predecessor-version":[{"id":8140,"href":"https:\/\/www.geoinova.com\/autodesk\/wp-json\/wp\/v2\/pages\/3264\/revisions\/8140"}],"wp:featuredmedia":[{"embeddable":true,"href":"https:\/\/www.geoinova.com\/autodesk\/wp-json\/wp\/v2\/media\/3040"}],"wp:attachment":[{"href":"https:\/\/www.geoinova.com\/autodesk\/wp-json\/wp\/v2\/media?parent=3264"}],"curies":[{"name":"wp","href":"https:\/\/api.w.org\/{rel}","templated":true}]}}