{"id":3265,"date":"2021-04-19T19:48:16","date_gmt":"2021-04-19T19:48:16","guid":{"rendered":"https:\/\/www.geoinova.com\/autodesk\/?page_id=3265"},"modified":"2023-12-01T12:42:39","modified_gmt":"2023-12-01T10:42:39","slug":"fusion-360","status":"publish","type":"page","link":"https:\/\/www.geoinova.com\/autodesk\/fusion-360\/","title":{"rendered":"Fusion 360<sup>\u00ae<\/sup>"},"content":{"rendered":"\t\t<div data-elementor-type=\"wp-page\" data-elementor-id=\"3265\" class=\"elementor elementor-3265\" data-elementor-post-type=\"page\">\n\t\t\t\t\t\t<section class=\"elementor-section elementor-top-section elementor-element elementor-element-a0b8727 elementor-section-boxed elementor-section-height-default elementor-section-height-default\" data-id=\"a0b8727\" data-element_type=\"section\" data-e-type=\"section\">\n\t\t\t\t\t\t<div class=\"elementor-container elementor-column-gap-default\">\n\t\t\t\t\t<div class=\"elementor-column elementor-col-50 elementor-top-column elementor-element elementor-element-4799e18\" data-id=\"4799e18\" data-element_type=\"column\" data-e-type=\"column\">\n\t\t\t<div class=\"elementor-widget-wrap elementor-element-populated\">\n\t\t\t\t\t\t<div class=\"elementor-element elementor-element-6029310 elementor-align-left elementor-mobile-align-center elementor-widget elementor-widget-button\" data-id=\"6029310\" data-element_type=\"widget\" data-e-type=\"widget\" data-widget_type=\"button.default\">\n\t\t\t\t<div class=\"elementor-widget-container\">\n\t\t\t\t\t\t\t\t\t<div class=\"elementor-button-wrapper\">\n\t\t\t\t\t<a class=\"elementor-button elementor-button-link elementor-size-md\" href=\"#elementor-action%3Aaction%3Dpopup%3Aopen%26settings%3DeyJpZCI6IjgxMTQiLCJ0b2dnbGUiOmZhbHNlfQ%3D%3D\" target=\"_blank\">\n\t\t\t\t\t\t<span class=\"elementor-button-content-wrapper\">\n\t\t\t\t\t\t\t\t\t<span class=\"elementor-button-text\">Probna verzija<\/span>\n\t\t\t\t\t<\/span>\n\t\t\t\t\t<\/a>\n\t\t\t\t<\/div>\n\t\t\t\t\t\t\t\t<\/div>\n\t\t\t\t<\/div>\n\t\t\t\t\t<\/div>\n\t\t<\/div>\n\t\t\t\t<div class=\"elementor-column elementor-col-50 elementor-top-column elementor-element elementor-element-12eee06\" data-id=\"12eee06\" data-element_type=\"column\" data-e-type=\"column\">\n\t\t\t<div class=\"elementor-widget-wrap elementor-element-populated\">\n\t\t\t\t\t\t<div class=\"elementor-element elementor-element-237dc6a elementor-align-right elementor-mobile-align-center elementor-widget elementor-widget-button\" data-id=\"237dc6a\" data-element_type=\"widget\" data-e-type=\"widget\" data-widget_type=\"button.default\">\n\t\t\t\t<div class=\"elementor-widget-container\">\n\t\t\t\t\t\t\t\t\t<div class=\"elementor-button-wrapper\">\n\t\t\t\t\t<a class=\"elementor-button elementor-button-link elementor-size-md\" href=\"#elementor-action%3Aaction%3Dpopup%3Aopen%26settings%3DeyJpZCI6Ijc4NDkiLCJ0b2dnbGUiOmZhbHNlfQ%3D%3D\">\n\t\t\t\t\t\t<span class=\"elementor-button-content-wrapper\">\n\t\t\t\t\t\t\t\t\t<span class=\"elementor-button-text\">Po\u0161alji upit<\/span>\n\t\t\t\t\t<\/span>\n\t\t\t\t\t<\/a>\n\t\t\t\t<\/div>\n\t\t\t\t\t\t\t\t<\/div>\n\t\t\t\t<\/div>\n\t\t\t\t\t<\/div>\n\t\t<\/div>\n\t\t\t\t\t<\/div>\n\t\t<\/section>\n\t\t\t\t<section class=\"elementor-section elementor-top-section elementor-element elementor-element-3310988 elementor-section-boxed elementor-section-height-default elementor-section-height-default\" data-id=\"3310988\" data-element_type=\"section\" data-e-type=\"section\">\n\t\t\t\t\t\t<div class=\"elementor-container elementor-column-gap-default\">\n\t\t\t\t\t<div class=\"elementor-column elementor-col-100 elementor-top-column elementor-element elementor-element-0e6f147\" data-id=\"0e6f147\" data-element_type=\"column\" data-e-type=\"column\">\n\t\t\t<div class=\"elementor-widget-wrap elementor-element-populated\">\n\t\t\t\t\t\t<div class=\"elementor-element elementor-element-2e98683 elementor-widget elementor-widget-text-editor\" data-id=\"2e98683\" data-element_type=\"widget\" data-e-type=\"widget\" data-widget_type=\"text-editor.default\">\n\t\t\t\t<div class=\"elementor-widget-container\">\n\t\t\t\t\t\t\t\t\t<p class=\"p1\"><b><i>Autodesk Fusion 360<\/i><\/b> je jedinstvena 3D CAD, CAM, CAE platforma za razvoj proizvoda &#8211; od ideje do realizacije. Ovaj softver pru\u017ea mogu\u0107nost kombinacije industrijskog i ma\u0161inskog dizajna,<span class=\"s1\"> simulacije, kolaboracije i ma\u0161inske obrade u integrisanom setu alata.<\/span><\/p><p class=\"p2\">Upotreba Fusion 360 softvera omogu\u0107ava parametarsko, direktno i modelovanje slobodnim formama, \u0161to ga \u010dini posebno pogodnim u oblasti industrijskog dizajna. Temeljen na<i> cloud<\/i> tehnologijama, pru\u017ea mogu\u0107nost brzog funkcionisanja <i>cloud computing<\/i> platforme i pristupa\u010dnost lokalnog izvo\u0111enja.<\/p><p class=\"p1\">Koristi se za mnogobrojne in\u017eenjerske aktivnosti: izradu tehni\u010dke 2D i 3D dokumentacije, dizajniranje i projektovanje proizvoda, vizuelizaciju, kreiranje animacija, 3D \u0161tampanje, izradu simulacija, prora\u010dun \u010dvrsto\u0107e kao i pripremu za proizvodnju na numeri\u010dki upravljanim ma\u0161inama.<\/p><p class=\"p4\">Proces razvoja proizvoda obavlja se kroz jedinstvenu <i>cloud<\/i> platformu koja je dostupna na PC i MAC ra\u010dunarima. Zahvaljuju\u0107i ovoj funkcionalnosti, svi u\u010desnici na projektu mogu realizovati saradnju u realnom vremenu, putem stacionarnih i mobilnih platformi.<\/p><p class=\"p4\">Fusion 360 pru\u017ea <b><i>dodatne pogodnosti<\/i><\/b><i> <\/i><b><i>za br\u017ee i jednostavnije<\/i><\/b> kreiranje projekata:<span class=\"Apple-converted-space\">\u00a0<\/span><\/p><p class=\"p4\">-poseduje API pomo\u0107u koga je mogu\u0107e pro\u0161iriti funkcionalnosti, na na\u010din da se mogu automatizovati zadaci koji se naj\u010de\u0161\u0107e koriste, pomo\u0107u skripti koje su kreirane u JavaScript ili Pyton programskim jezicima;<\/p><p class=\"p4\">-mogu\u0107nost upravljanja svim prethodnim verzijama projekta i jednostavno pretra\u017eivanje aktuelnih i arhiviranih projekata;<\/p><p class=\"p4\">-besplatna Fusion 360 mobilna aplikacija omogu\u0107ava pregledanje i dodavanje komentara na projektima;<\/p><p class=\"p4\">-u\u010desnici na projektu mogu spajati pojedina\u010dne faze u glavni projekat, nakon samostalnog razvijanja svake od faza pojedina\u010dno.<\/p>\t\t\t\t\t\t\t\t<\/div>\n\t\t\t\t<\/div>\n\t\t\t\t\t<\/div>\n\t\t<\/div>\n\t\t\t\t\t<\/div>\n\t\t<\/section>\n\t\t\t\t<\/div>\n\t\t","protected":false},"excerpt":{"rendered":"<p>Probna verzija Po\u0161alji upit Autodesk Fusion 360 je jedinstvena 3D CAD, CAM, CAE platforma za razvoj proizvoda &#8211; od ideje do realizacije. Ovaj softver pru\u017ea mogu\u0107nost kombinacije industrijskog i ma\u0161inskog dizajna, simulacije, kolaboracije i ma\u0161inske obrade u integrisanom setu alata. Upotreba Fusion 360 softvera omogu\u0107ava parametarsko, direktno i modelovanje slobodnim formama, \u0161to ga \u010dini posebno&hellip;<\/p>\n","protected":false},"author":3,"featured_media":3042,"parent":0,"menu_order":0,"comment_status":"closed","ping_status":"closed","template":"","meta":{"_monsterinsights_skip_tracking":false,"_monsterinsights_sitenote_active":false,"_monsterinsights_sitenote_note":"","_monsterinsights_sitenote_category":0},"class_list":["post-3265","page","type-page","status-publish","has-post-thumbnail","hentry","description-off"],"aioseo_notices":[],"_links":{"self":[{"href":"https:\/\/www.geoinova.com\/autodesk\/wp-json\/wp\/v2\/pages\/3265","targetHints":{"allow":["GET"]}}],"collection":[{"href":"https:\/\/www.geoinova.com\/autodesk\/wp-json\/wp\/v2\/pages"}],"about":[{"href":"https:\/\/www.geoinova.com\/autodesk\/wp-json\/wp\/v2\/types\/page"}],"author":[{"embeddable":true,"href":"https:\/\/www.geoinova.com\/autodesk\/wp-json\/wp\/v2\/users\/3"}],"replies":[{"embeddable":true,"href":"https:\/\/www.geoinova.com\/autodesk\/wp-json\/wp\/v2\/comments?post=3265"}],"version-history":[{"count":10,"href":"https:\/\/www.geoinova.com\/autodesk\/wp-json\/wp\/v2\/pages\/3265\/revisions"}],"predecessor-version":[{"id":8120,"href":"https:\/\/www.geoinova.com\/autodesk\/wp-json\/wp\/v2\/pages\/3265\/revisions\/8120"}],"wp:featuredmedia":[{"embeddable":true,"href":"https:\/\/www.geoinova.com\/autodesk\/wp-json\/wp\/v2\/media\/3042"}],"wp:attachment":[{"href":"https:\/\/www.geoinova.com\/autodesk\/wp-json\/wp\/v2\/media?parent=3265"}],"curies":[{"name":"wp","href":"https:\/\/api.w.org\/{rel}","templated":true}]}}